{"id":10475,"date":"2021-11-26T07:31:59","date_gmt":"2021-11-26T06:31:59","guid":{"rendered":"https:\/\/test.futurefoodinstitute.org\/?page_id=10475"},"modified":"2023-12-15T10:38:01","modified_gmt":"2023-12-15T09:38:01","slug":"climate-shapers","status":"publish","type":"page","link":"https:\/\/futurefoodinstitute.org\/it\/academy\/boot-camps\/climate-shapers\/","title":{"rendered":"Climate Shapers 2024"},"content":{"rendered":"<div data-elementor-type=\"wp-page\" data-elementor-id=\"10475\" class=\"elementor elementor-10475\" data-elementor-post-type=\"page\">\n\t\t\t\t\t\t<section class=\"elementor-section elementor-top-section elementor-element elementor-element-7486e431 elementor-section-height-min-height elementor-section-content-middle elementor-section-boxed elementor-section-height-default elementor-section-items-middle\" data-id=\"7486e431\" data-element_type=\"section\" data-e-type=\"section\" data-settings=\"{&quot;background_background&quot;:&quot;classic&quot;}\">\n\t\t\t\t\t\t\t<div class=\"elementor-background-overlay\"><\/div>\n\t\t\t\t\t\t\t<div class=\"elementor-container elementor-column-gap-default\">\n\t\t\t\t\t<div class=\"elementor-column elementor-col-100 elementor-top-column elementor-element elementor-element-2232c61b\" data-id=\"2232c61b\" data-element_type=\"column\" data-e-type=\"column\">\n\t\t\t<div class=\"elementor-widget-wrap elementor-element-populated\">\n\t\t\t\t\t\t<div class=\"elementor-element elementor-element-56318391 elementor-widget elementor-widget-heading\" data-id=\"56318391\" data-element_type=\"widget\" data-e-type=\"widget\" data-widget_type=\"heading.default\">\n\t\t\t\t<div class=\"elementor-widget-container\">\n\t\t\t\t\t<h1 class=\"elementor-heading-title elementor-size-default\">Future Food Climate Shapers<\/h1>\t\t\t\t<\/div>\n\t\t\t\t<\/div>\n\t\t\t\t\t<\/div>\n\t\t<\/div>\n\t\t\t\t\t<\/div>\n\t\t<\/section>\n\t\t\t\t<section class=\"elementor-section elementor-top-section elementor-element elementor-element-103ac516 elementor-section-content-middle elementor-section-boxed elementor-section-height-default elementor-section-height-default\" data-id=\"103ac516\" data-element_type=\"section\" data-e-type=\"section\">\n\t\t\t\t\t\t<div class=\"elementor-container elementor-column-gap-no\">\n\t\t\t\t\t<div class=\"elementor-column elementor-col-100 elementor-top-column elementor-element elementor-element-3cdc7802\" data-id=\"3cdc7802\" data-element_type=\"column\" data-e-type=\"column\">\n\t\t\t<div class=\"elementor-widget-wrap elementor-element-populated\">\n\t\t\t\t\t\t<div class=\"elementor-element elementor-element-3e45779 elementor-widget elementor-widget-heading\" data-id=\"3e45779\" data-element_type=\"widget\" data-e-type=\"widget\" data-widget_type=\"heading.default\">\n\t\t\t\t<div class=\"elementor-widget-container\">\n\t\t\t\t\t<h4 class=\"elementor-heading-title elementor-size-default\">Incontrate le persone che lavorano per trasformare i sistemi alimentari globali per le persone e il pianeta. <\/h4>\t\t\t\t<\/div>\n\t\t\t\t<\/div>\n\t\t\t\t<div class=\"elementor-element elementor-element-7436bde5 elementor-widget elementor-widget-text-editor\" data-id=\"7436bde5\" data-element_type=\"widget\" data-e-type=\"widget\" data-widget_type=\"text-editor.default\">\n\t\t\t\t<div class=\"elementor-widget-container\">\n\t\t\t\t\t\t\t\t\t<p>I partecipanti al Food &amp; Climate Shaper Boot Camp, o \"Climate Shapers\", provengono da ogni angolo del mondo e portano nelle sessioni e nei progetti esperienze diverse.<\/p>\n<p>Queste persone talentuose e appassionate condivideranno il vostro percorso arricchendolo con conversazioni vivaci e nuove idee. Inoltre, questa coorte di persone orientate al cambiamento diventer\u00e0 parte della vostra rete globale nel momento in cui entrerete a far parte della comunit\u00e0 di alumni di Future Food.<\/p>\t\t\t\t\t\t\t\t<\/div>\n\t\t\t\t<\/div>\n\t\t\t\t\t<\/div>\n\t\t<\/div>\n\t\t\t\t\t<\/div>\n\t\t<\/section>\n\t\t\t\t<section class=\"elementor-section elementor-top-section elementor-element elementor-element-379d6923 elementor-section-content-top elementor-section-boxed elementor-section-height-default elementor-section-height-default\" data-id=\"379d6923\" data-element_type=\"section\" data-e-type=\"section\">\n\t\t\t\t\t\t<div class=\"elementor-container elementor-column-gap-no\">\n\t\t\t\t\t<div class=\"elementor-column elementor-col-50 elementor-top-column elementor-element elementor-element-11fc08e7\" data-id=\"11fc08e7\" data-element_type=\"column\" data-e-type=\"column\">\n\t\t\t<div class=\"elementor-widget-wrap elementor-element-populated\">\n\t\t\t\t\t\t<div class=\"elementor-element elementor-element-20ab18ff elementor-widget elementor-widget-image\" data-id=\"20ab18ff\" data-element_type=\"widget\" data-e-type=\"widget\" data-widget_type=\"image.default\">\n\t\t\t\t<div class=\"elementor-widget-container\">\n\t\t\t\t\t\t\t\t\t\t\t\t\t\t\t<img fetchpriority=\"high\" decoding=\"async\" width=\"897\" height=\"571\" src=\"https:\/\/futurefoodinstitute.org\/wp-content\/uploads\/2021\/11\/WhatsApp-Image-2020-01-08-at-14.30.44-1024x588-1.jpeg\" class=\"attachment-full size-full wp-image-8605\" alt=\"\" srcset=\"https:\/\/futurefoodinstitute.org\/wp-content\/uploads\/2021\/11\/WhatsApp-Image-2020-01-08-at-14.30.44-1024x588-1.jpeg 897w, https:\/\/futurefoodinstitute.org\/wp-content\/uploads\/2021\/11\/WhatsApp-Image-2020-01-08-at-14.30.44-1024x588-1-300x191.jpeg 300w, https:\/\/futurefoodinstitute.org\/wp-content\/uploads\/2021\/11\/WhatsApp-Image-2020-01-08-at-14.30.44-1024x588-1-768x489.jpeg 768w\" sizes=\"(max-width: 897px) 100vw, 897px\" \/>\t\t\t\t\t\t\t\t\t\t\t\t\t\t\t<\/div>\n\t\t\t\t<\/div>\n\t\t\t\t\t<\/div>\n\t\t<\/div>\n\t\t\t\t<div class=\"elementor-column elementor-col-50 elementor-top-column elementor-element elementor-element-488208a7\" data-id=\"488208a7\" data-element_type=\"column\" data-e-type=\"column\">\n\t\t\t<div class=\"elementor-widget-wrap elementor-element-populated\">\n\t\t\t\t\t\t<div class=\"elementor-element elementor-element-b31ba02 elementor-widget-divider--view-line elementor-widget elementor-widget-divider\" data-id=\"b31ba02\" data-element_type=\"widget\" data-e-type=\"widget\" data-widget_type=\"divider.default\">\n\t\t\t\t<div class=\"elementor-widget-container\">\n\t\t\t\t\t\t\t<div class=\"elementor-divider\">\n\t\t\t<span class=\"elementor-divider-separator\">\n\t\t\t\t\t\t<\/span>\n\t\t<\/div>\n\t\t\t\t\t\t<\/div>\n\t\t\t\t<\/div>\n\t\t\t\t<div class=\"elementor-element elementor-element-55aef1a5 elementor-widget elementor-widget-heading\" data-id=\"55aef1a5\" data-element_type=\"widget\" data-e-type=\"widget\" data-widget_type=\"heading.default\">\n\t\t\t\t<div class=\"elementor-widget-container\">\n\t\t\t\t\t<h2 class=\"elementor-heading-title elementor-size-default\">il potere della diversit\u00e0<\/h2>\t\t\t\t<\/div>\n\t\t\t\t<\/div>\n\t\t\t\t<div class=\"elementor-element elementor-element-368a421c elementor-widget elementor-widget-text-editor\" data-id=\"368a421c\" data-element_type=\"widget\" data-e-type=\"widget\" data-widget_type=\"text-editor.default\">\n\t\t\t\t<div class=\"elementor-widget-container\">\n\t\t\t\t\t\t\t\t\t<p>Trasformare i nostri sistemi alimentari in crisi richiede nuove mentalit\u00e0 e nuovi approcci. Il metodo pi\u00f9 sicuro per affrontare un problema da un'angolazione diversa \u00e8 circondarsi di persone che vedono le cose in modo diverso.<\/p>\n<p>\u00c8 in questa ricca impollinazione incrociata di idee e prospettive che avviene la vera innovazione. La condivisione e la sfida dei punti di vista che si verifica durante questi Boot Camp \u00e8 ci\u00f2 che li rende un'esperienza cos\u00ec arricchente e trasformativa per i partecipanti. Ci\u00f2 \u00e8 possibile grazie all'incredibile diversit\u00e0 all'interno dei gruppi.<\/p>\t\t\t\t\t\t\t\t<\/div>\n\t\t\t\t<\/div>\n\t\t\t\t\t<\/div>\n\t\t<\/div>\n\t\t\t\t\t<\/div>\n\t\t<\/section>\n\t\t\t\t<section class=\"elementor-section elementor-top-section elementor-element elementor-element-5b41b8bd elementor-section-boxed elementor-section-height-default elementor-section-height-default\" data-id=\"5b41b8bd\" data-element_type=\"section\" data-e-type=\"section\">\n\t\t\t\t\t\t<div class=\"elementor-container elementor-column-gap-default\">\n\t\t\t\t\t<div class=\"elementor-column elementor-col-100 elementor-top-column elementor-element elementor-element-181e51c1\" data-id=\"181e51c1\" data-element_type=\"column\" data-e-type=\"column\">\n\t\t\t<div class=\"elementor-widget-wrap elementor-element-populated\">\n\t\t\t\t\t\t<div class=\"elementor-element elementor-element-ff4f47c elementor-widget elementor-widget-heading\" data-id=\"ff4f47c\" data-element_type=\"widget\" data-e-type=\"widget\" data-widget_type=\"heading.default\">\n\t\t\t\t<div class=\"elementor-widget-container\">\n\t\t\t\t\t<h2 class=\"elementor-heading-title elementor-size-default\">Profilo della coorte<\/h2>\t\t\t\t<\/div>\n\t\t\t\t<\/div>\n\t\t\t\t\t<\/div>\n\t\t<\/div>\n\t\t\t\t\t<\/div>\n\t\t<\/section>\n\t\t\t\t<section class=\"elementor-section elementor-inner-section elementor-element elementor-element-39b0002c elementor-section-content-middle elementor-section-boxed elementor-section-height-default elementor-section-height-default\" data-id=\"39b0002c\" data-element_type=\"section\" data-e-type=\"section\">\n\t\t\t\t\t\t<div class=\"elementor-container elementor-column-gap-default\">\n\t\t\t\t\t<div class=\"elementor-column elementor-col-33 elementor-inner-column elementor-element elementor-element-77308021\" data-id=\"77308021\" data-element_type=\"column\" data-e-type=\"column\">\n\t\t\t<div class=\"elementor-widget-wrap elementor-element-populated\">\n\t\t\t\t\t\t<div class=\"elementor-element elementor-element-6912c50 elementor-cta--skin-cover elementor-cta--valign-top elementor-widget elementor-widget-call-to-action\" data-id=\"6912c50\" data-element_type=\"widget\" data-e-type=\"widget\" data-widget_type=\"call-to-action.default\">\n\t\t\t\t<div class=\"elementor-widget-container\">\n\t\t\t\t\t\t\t<div class=\"elementor-cta\">\n\t\t\t\t\t<div class=\"elementor-cta__bg-wrapper\">\n\t\t\t\t<div class=\"elementor-cta__bg elementor-bg\" style=\"background-image: url(https:\/\/futurefoodinstitute.org\/wp-content\/uploads\/2021\/11\/climate-shapers.png);\" role=\"img\" aria-label=\"climate shapers\"><\/div>\n\t\t\t\t<div class=\"elementor-cta__bg-overlay\"><\/div>\n\t\t\t<\/div>\n\t\t\t\t\t\t\t<div class=\"elementor-cta__content\">\n\t\t\t\t\n\t\t\t\t\t\t\t\t\t<h2 class=\"elementor-cta__title elementor-cta__content-item elementor-content-item\">\n\t\t\t\t\t\tInternazionale\t\t\t\t\t<\/h2>\n\t\t\t\t\n\t\t\t\t\t\t\t\t\t<div class=\"elementor-cta__description elementor-cta__content-item elementor-content-item\">\n\t\t\t\t\t\tOur Climate Shapers come from more than 80 countries around the world bringing diverse cultural perspectives. \t\t\t\t\t<\/div>\n\t\t\t\t\n\t\t\t\t\t\t\t<\/div>\n\t\t\t\t\t\t<\/div>\n\t\t\t\t\t\t<\/div>\n\t\t\t\t<\/div>\n\t\t\t\t\t<\/div>\n\t\t<\/div>\n\t\t\t\t<div class=\"elementor-column elementor-col-33 elementor-inner-column elementor-element elementor-element-535d23f5\" data-id=\"535d23f5\" data-element_type=\"column\" data-e-type=\"column\">\n\t\t\t<div class=\"elementor-widget-wrap elementor-element-populated\">\n\t\t\t\t\t\t<div class=\"elementor-element elementor-element-1783591f elementor-cta--skin-cover elementor-cta--valign-top elementor-widget elementor-widget-call-to-action\" data-id=\"1783591f\" data-element_type=\"widget\" data-e-type=\"widget\" data-widget_type=\"call-to-action.default\">\n\t\t\t\t<div class=\"elementor-widget-container\">\n\t\t\t\t\t\t\t<div class=\"elementor-cta\">\n\t\t\t\t\t<div class=\"elementor-cta__bg-wrapper\">\n\t\t\t\t<div class=\"elementor-cta__bg elementor-bg\" style=\"background-image: url(https:\/\/futurefoodinstitute.org\/wp-content\/uploads\/2022\/02\/FUTURE-FARM.jpg);\" role=\"img\" aria-label=\"FUTURE FARM\"><\/div>\n\t\t\t\t<div class=\"elementor-cta__bg-overlay\"><\/div>\n\t\t\t<\/div>\n\t\t\t\t\t\t\t<div class=\"elementor-cta__content\">\n\t\t\t\t\n\t\t\t\t\t\t\t\t\t<h2 class=\"elementor-cta__title elementor-cta__content-item elementor-content-item\">\n\t\t\t\t\t\tInterdisciplinare\t\t\t\t\t<\/h2>\n\t\t\t\t\n\t\t\t\t\t\t\t\t\t<div class=\"elementor-cta__description elementor-cta__content-item elementor-content-item\">\n\t\t\t\t\t\tI Climate Shapers hanno background professionali diversi, da ricercatori ambientali a chef ad attivisti giovanili. \n\n\t\t\t\t\t<\/div>\n\t\t\t\t\n\t\t\t\t\t\t\t<\/div>\n\t\t\t\t\t\t<\/div>\n\t\t\t\t\t\t<\/div>\n\t\t\t\t<\/div>\n\t\t\t\t\t<\/div>\n\t\t<\/div>\n\t\t\t\t<div class=\"elementor-column elementor-col-33 elementor-inner-column elementor-element elementor-element-2ab943df\" data-id=\"2ab943df\" data-element_type=\"column\" data-e-type=\"column\">\n\t\t\t<div class=\"elementor-widget-wrap elementor-element-populated\">\n\t\t\t\t\t\t<div class=\"elementor-element elementor-element-52d1a978 elementor-cta--skin-cover elementor-cta--valign-top elementor-widget elementor-widget-call-to-action\" data-id=\"52d1a978\" data-element_type=\"widget\" data-e-type=\"widget\" data-widget_type=\"call-to-action.default\">\n\t\t\t\t<div class=\"elementor-widget-container\">\n\t\t\t\t\t\t\t<div class=\"elementor-cta\">\n\t\t\t\t\t<div class=\"elementor-cta__bg-wrapper\">\n\t\t\t\t<div class=\"elementor-cta__bg elementor-bg\" style=\"background-image: url(https:\/\/futurefoodinstitute.org\/wp-content\/uploads\/2021\/12\/DJI_20210715_185646_365-1024x512.jpg);\" role=\"img\" aria-label=\"DJI_20210715_185646_365\"><\/div>\n\t\t\t\t<div class=\"elementor-cta__bg-overlay\"><\/div>\n\t\t\t<\/div>\n\t\t\t\t\t\t\t<div class=\"elementor-cta__content\">\n\t\t\t\t\n\t\t\t\t\t\t\t\t\t<h2 class=\"elementor-cta__title elementor-cta__content-item elementor-content-item\">\n\t\t\t\t\t\tIntergenerazionale\t\t\t\t\t<\/h2>\n\t\t\t\t\n\t\t\t\t\t\t\t\t\t<div class=\"elementor-cta__description elementor-cta__content-item elementor-content-item\">\n\t\t\t\t\t\tI Climate Shapers colmano i divari generazionali mescolando le esperienze per innovare nuove soluzioni. \t\t\t\t\t<\/div>\n\t\t\t\t\n\t\t\t\t\t\t\t<\/div>\n\t\t\t\t\t\t<\/div>\n\t\t\t\t\t\t<\/div>\n\t\t\t\t<\/div>\n\t\t\t\t\t<\/div>\n\t\t<\/div>\n\t\t\t\t\t<\/div>\n\t\t<\/section>\n\t\t\t\t<\/div>","protected":false},"excerpt":{"rendered":"<p>Future Food Climate Shapers Meet the purpose-driven individuals working to transform global food systems for people and planet. Our Food &amp; Climate Shaper Boot Camp participants, or &#8216;Climate Shapers,&#8217; hail from all corners of the globe bringing diverse backgrounds and experiences into the sessions and projects. These talented and passionate individuals will share your journey [&#8230;]\n","protected":false},"author":3,"featured_media":11649,"parent":48,"menu_order":0,"comment_status":"closed","ping_status":"closed","template":"","meta":{"footnotes":""},"class_list":["post-10475","page","type-page","status-publish","has-post-thumbnail","hentry"],"yoast_head":"<!-- This site is optimized with the Yoast SEO plugin v27.3 - https:\/\/yoast.com\/product\/yoast-seo-wordpress\/ -->\n<title>Climate Shapers 2024 - Future Food Institute<\/title>\n<meta name=\"description\" content=\"Food &amp; Climate Shaper Boot Camp participants, or \u2018Climate Shapers,\u2019 hail from all corners of the globe bringing diverse backgrounds into the sessions.\" \/>\n<meta name=\"robots\" content=\"index, follow, max-snippet:-1, max-image-preview:large, max-video-preview:-1\" \/>\n<link rel=\"canonical\" href=\"https:\/\/futurefoodinstitute.org\/it\/academy\/boot-camps\/climate-shapers\/\" \/>\n<meta property=\"og:locale\" content=\"it_IT\" \/>\n<meta property=\"og:type\" content=\"article\" \/>\n<meta property=\"og:title\" content=\"Climate Shapers 2024 - Future Food Institute\" \/>\n<meta property=\"og:description\" content=\"Food &amp; Climate Shaper Boot Camp participants, or \u2018Climate Shapers,\u2019 hail from all corners of the globe bringing diverse backgrounds into the sessions.\" \/>\n<meta property=\"og:url\" content=\"https:\/\/futurefoodinstitute.org\/it\/academy\/boot-camps\/climate-shapers\/\" \/>\n<meta property=\"og:site_name\" content=\"Future Food Institute\" \/>\n<meta property=\"article:publisher\" content=\"https:\/\/www.facebook.com\/futurefoodinstitute\" \/>\n<meta property=\"article:modified_time\" content=\"2023-12-15T09:38:01+00:00\" \/>\n<meta property=\"og:image\" content=\"https:\/\/futurefoodinstitute.org\/wp-content\/uploads\/2022\/02\/Future-Food-Climate-Shapers-1.jpg\" \/>\n\t<meta property=\"og:image:width\" content=\"1024\" \/>\n\t<meta property=\"og:image:height\" content=\"768\" \/>\n\t<meta property=\"og:image:type\" content=\"image\/jpeg\" \/>\n<meta name=\"twitter:card\" content=\"summary_large_image\" \/>\n<meta name=\"twitter:site\" content=\"@Ffoodinstitute\" \/>\n<meta name=\"twitter:label1\" content=\"Tempo di lettura stimato\" \/>\n\t<meta name=\"twitter:data1\" content=\"2 minuti\" \/>\n<script type=\"application\/ld+json\" class=\"yoast-schema-graph\">{\"@context\":\"https:\\\/\\\/schema.org\",\"@graph\":[{\"@type\":\"WebPage\",\"@id\":\"https:\\\/\\\/futurefoodinstitute.org\\\/academy\\\/boot-camps\\\/climate-shapers\\\/\",\"url\":\"https:\\\/\\\/futurefoodinstitute.org\\\/academy\\\/boot-camps\\\/climate-shapers\\\/\",\"name\":\"Climate Shapers 2024 - Future Food Institute\",\"isPartOf\":{\"@id\":\"https:\\\/\\\/futurefoodinstitute.org\\\/#website\"},\"primaryImageOfPage\":{\"@id\":\"https:\\\/\\\/futurefoodinstitute.org\\\/academy\\\/boot-camps\\\/climate-shapers\\\/#primaryimage\"},\"image\":{\"@id\":\"https:\\\/\\\/futurefoodinstitute.org\\\/academy\\\/boot-camps\\\/climate-shapers\\\/#primaryimage\"},\"thumbnailUrl\":\"https:\\\/\\\/futurefoodinstitute.org\\\/wp-content\\\/uploads\\\/2022\\\/02\\\/Future-Food-Climate-Shapers-1.jpg\",\"datePublished\":\"2021-11-26T06:31:59+00:00\",\"dateModified\":\"2023-12-15T09:38:01+00:00\",\"description\":\"Food & Climate Shaper Boot Camp participants, or \u2018Climate Shapers,\u2019 hail from all corners of the globe bringing diverse backgrounds into the sessions.\",\"breadcrumb\":{\"@id\":\"https:\\\/\\\/futurefoodinstitute.org\\\/academy\\\/boot-camps\\\/climate-shapers\\\/#breadcrumb\"},\"inLanguage\":\"it-IT\",\"potentialAction\":[{\"@type\":\"ReadAction\",\"target\":[\"https:\\\/\\\/futurefoodinstitute.org\\\/academy\\\/boot-camps\\\/climate-shapers\\\/\"]}]},{\"@type\":\"ImageObject\",\"inLanguage\":\"it-IT\",\"@id\":\"https:\\\/\\\/futurefoodinstitute.org\\\/academy\\\/boot-camps\\\/climate-shapers\\\/#primaryimage\",\"url\":\"https:\\\/\\\/futurefoodinstitute.org\\\/wp-content\\\/uploads\\\/2022\\\/02\\\/Future-Food-Climate-Shapers-1.jpg\",\"contentUrl\":\"https:\\\/\\\/futurefoodinstitute.org\\\/wp-content\\\/uploads\\\/2022\\\/02\\\/Future-Food-Climate-Shapers-1.jpg\",\"width\":1024,\"height\":768},{\"@type\":\"BreadcrumbList\",\"@id\":\"https:\\\/\\\/futurefoodinstitute.org\\\/academy\\\/boot-camps\\\/climate-shapers\\\/#breadcrumb\",\"itemListElement\":[{\"@type\":\"ListItem\",\"position\":1,\"name\":\"Home\",\"item\":\"https:\\\/\\\/futurefoodinstitute.org\\\/\"},{\"@type\":\"ListItem\",\"position\":2,\"name\":\"ACADEMY &#8211; Old\",\"item\":\"https:\\\/\\\/futurefoodinstitute.org\\\/?page_id=46\"},{\"@type\":\"ListItem\",\"position\":3,\"name\":\"Boot Camps\",\"item\":\"https:\\\/\\\/futurefoodinstitute.org\\\/?page_id=48\"},{\"@type\":\"ListItem\",\"position\":4,\"name\":\"Climate Shapers 2024\"}]},{\"@type\":\"WebSite\",\"@id\":\"https:\\\/\\\/futurefoodinstitute.org\\\/#website\",\"url\":\"https:\\\/\\\/futurefoodinstitute.org\\\/\",\"name\":\"Future Food Institute\",\"description\":\"Climate change is at the end of your fork.\",\"publisher\":{\"@id\":\"https:\\\/\\\/futurefoodinstitute.org\\\/#organization\"},\"potentialAction\":[{\"@type\":\"SearchAction\",\"target\":{\"@type\":\"EntryPoint\",\"urlTemplate\":\"https:\\\/\\\/futurefoodinstitute.org\\\/?s={search_term_string}\"},\"query-input\":{\"@type\":\"PropertyValueSpecification\",\"valueRequired\":true,\"valueName\":\"search_term_string\"}}],\"inLanguage\":\"it-IT\"},{\"@type\":\"Organization\",\"@id\":\"https:\\\/\\\/futurefoodinstitute.org\\\/#organization\",\"name\":\"Future Food Institute\",\"url\":\"https:\\\/\\\/futurefoodinstitute.org\\\/\",\"logo\":{\"@type\":\"ImageObject\",\"inLanguage\":\"it-IT\",\"@id\":\"https:\\\/\\\/futurefoodinstitute.org\\\/#\\\/schema\\\/logo\\\/image\\\/\",\"url\":\"https:\\\/\\\/futurefoodinstitute.org\\\/wp-content\\\/uploads\\\/2021\\\/11\\\/FF-Primary-Logos-05.png\",\"contentUrl\":\"https:\\\/\\\/futurefoodinstitute.org\\\/wp-content\\\/uploads\\\/2021\\\/11\\\/FF-Primary-Logos-05.png\",\"width\":1574,\"height\":588,\"caption\":\"Future Food Institute\"},\"image\":{\"@id\":\"https:\\\/\\\/futurefoodinstitute.org\\\/#\\\/schema\\\/logo\\\/image\\\/\"},\"sameAs\":[\"https:\\\/\\\/www.facebook.com\\\/futurefoodinstitute\",\"https:\\\/\\\/x.com\\\/Ffoodinstitute\",\"https:\\\/\\\/www.instagram.com\\\/ffoodinstitute\",\"https:\\\/\\\/www.linkedin.com\\\/company\\\/futurefoodinstitute\",\"https:\\\/\\\/www.youtube.com\\\/c\\\/FutureFoodInstitute\"]}]}<\/script>\n<!-- \/ Yoast SEO plugin. -->","yoast_head_json":{"title":"Climate Shapers 2024 - Future Food Institute","description":"Food & Climate Shaper Boot Camp participants, or \u2018Climate Shapers,\u2019 hail from all corners of the globe bringing diverse backgrounds into the sessions.","robots":{"index":"index","follow":"follow","max-snippet":"max-snippet:-1","max-image-preview":"max-image-preview:large","max-video-preview":"max-video-preview:-1"},"canonical":"https:\/\/futurefoodinstitute.org\/it\/academy\/boot-camps\/climate-shapers\/","og_locale":"it_IT","og_type":"article","og_title":"Climate Shapers 2024 - Future Food Institute","og_description":"Food & Climate Shaper Boot Camp participants, or \u2018Climate Shapers,\u2019 hail from all corners of the globe bringing diverse backgrounds into the sessions.","og_url":"https:\/\/futurefoodinstitute.org\/it\/academy\/boot-camps\/climate-shapers\/","og_site_name":"Future Food Institute","article_publisher":"https:\/\/www.facebook.com\/futurefoodinstitute","article_modified_time":"2023-12-15T09:38:01+00:00","og_image":[{"width":1024,"height":768,"url":"https:\/\/futurefoodinstitute.org\/wp-content\/uploads\/2022\/02\/Future-Food-Climate-Shapers-1.jpg","type":"image\/jpeg"}],"twitter_card":"summary_large_image","twitter_site":"@Ffoodinstitute","twitter_misc":{"Tempo di lettura stimato":"2 minuti"},"schema":{"@context":"https:\/\/schema.org","@graph":[{"@type":"WebPage","@id":"https:\/\/futurefoodinstitute.org\/academy\/boot-camps\/climate-shapers\/","url":"https:\/\/futurefoodinstitute.org\/academy\/boot-camps\/climate-shapers\/","name":"Climate Shapers 2024 - Future Food Institute","isPartOf":{"@id":"https:\/\/futurefoodinstitute.org\/#website"},"primaryImageOfPage":{"@id":"https:\/\/futurefoodinstitute.org\/academy\/boot-camps\/climate-shapers\/#primaryimage"},"image":{"@id":"https:\/\/futurefoodinstitute.org\/academy\/boot-camps\/climate-shapers\/#primaryimage"},"thumbnailUrl":"https:\/\/futurefoodinstitute.org\/wp-content\/uploads\/2022\/02\/Future-Food-Climate-Shapers-1.jpg","datePublished":"2021-11-26T06:31:59+00:00","dateModified":"2023-12-15T09:38:01+00:00","description":"Food & Climate Shaper Boot Camp participants, or \u2018Climate Shapers,\u2019 hail from all corners of the globe bringing diverse backgrounds into the sessions.","breadcrumb":{"@id":"https:\/\/futurefoodinstitute.org\/academy\/boot-camps\/climate-shapers\/#breadcrumb"},"inLanguage":"it-IT","potentialAction":[{"@type":"ReadAction","target":["https:\/\/futurefoodinstitute.org\/academy\/boot-camps\/climate-shapers\/"]}]},{"@type":"ImageObject","inLanguage":"it-IT","@id":"https:\/\/futurefoodinstitute.org\/academy\/boot-camps\/climate-shapers\/#primaryimage","url":"https:\/\/futurefoodinstitute.org\/wp-content\/uploads\/2022\/02\/Future-Food-Climate-Shapers-1.jpg","contentUrl":"https:\/\/futurefoodinstitute.org\/wp-content\/uploads\/2022\/02\/Future-Food-Climate-Shapers-1.jpg","width":1024,"height":768},{"@type":"BreadcrumbList","@id":"https:\/\/futurefoodinstitute.org\/academy\/boot-camps\/climate-shapers\/#breadcrumb","itemListElement":[{"@type":"ListItem","position":1,"name":"Home","item":"https:\/\/futurefoodinstitute.org\/"},{"@type":"ListItem","position":2,"name":"ACADEMY &#8211; Old","item":"https:\/\/futurefoodinstitute.org\/?page_id=46"},{"@type":"ListItem","position":3,"name":"Boot Camps","item":"https:\/\/futurefoodinstitute.org\/?page_id=48"},{"@type":"ListItem","position":4,"name":"Climate Shapers 2024"}]},{"@type":"WebSite","@id":"https:\/\/futurefoodinstitute.org\/#website","url":"https:\/\/futurefoodinstitute.org\/","name":"Future Food Institute","description":"Il cambiamento climatico \u00e8 alla fine della tua forchetta.","publisher":{"@id":"https:\/\/futurefoodinstitute.org\/#organization"},"potentialAction":[{"@type":"SearchAction","target":{"@type":"EntryPoint","urlTemplate":"https:\/\/futurefoodinstitute.org\/?s={search_term_string}"},"query-input":{"@type":"PropertyValueSpecification","valueRequired":true,"valueName":"search_term_string"}}],"inLanguage":"it-IT"},{"@type":"Organization","@id":"https:\/\/futurefoodinstitute.org\/#organization","name":"Future Food Institute","url":"https:\/\/futurefoodinstitute.org\/","logo":{"@type":"ImageObject","inLanguage":"it-IT","@id":"https:\/\/futurefoodinstitute.org\/#\/schema\/logo\/image\/","url":"https:\/\/futurefoodinstitute.org\/wp-content\/uploads\/2021\/11\/FF-Primary-Logos-05.png","contentUrl":"https:\/\/futurefoodinstitute.org\/wp-content\/uploads\/2021\/11\/FF-Primary-Logos-05.png","width":1574,"height":588,"caption":"Future Food Institute"},"image":{"@id":"https:\/\/futurefoodinstitute.org\/#\/schema\/logo\/image\/"},"sameAs":["https:\/\/www.facebook.com\/futurefoodinstitute","https:\/\/x.com\/Ffoodinstitute","https:\/\/www.instagram.com\/ffoodinstitute","https:\/\/www.linkedin.com\/company\/futurefoodinstitute","https:\/\/www.youtube.com\/c\/FutureFoodInstitute"]}]}},"_links":{"self":[{"href":"https:\/\/futurefoodinstitute.org\/it\/wp-json\/wp\/v2\/pages\/10475","targetHints":{"allow":["GET"]}}],"collection":[{"href":"https:\/\/futurefoodinstitute.org\/it\/wp-json\/wp\/v2\/pages"}],"about":[{"href":"https:\/\/futurefoodinstitute.org\/it\/wp-json\/wp\/v2\/types\/page"}],"author":[{"embeddable":true,"href":"https:\/\/futurefoodinstitute.org\/it\/wp-json\/wp\/v2\/users\/3"}],"replies":[{"embeddable":true,"href":"https:\/\/futurefoodinstitute.org\/it\/wp-json\/wp\/v2\/comments?post=10475"}],"version-history":[{"count":61,"href":"https:\/\/futurefoodinstitute.org\/it\/wp-json\/wp\/v2\/pages\/10475\/revisions"}],"predecessor-version":[{"id":18207,"href":"https:\/\/futurefoodinstitute.org\/it\/wp-json\/wp\/v2\/pages\/10475\/revisions\/18207"}],"up":[{"embeddable":true,"href":"https:\/\/futurefoodinstitute.org\/it\/wp-json\/wp\/v2\/pages\/48"}],"wp:featuredmedia":[{"embeddable":true,"href":"https:\/\/futurefoodinstitute.org\/it\/wp-json\/wp\/v2\/media\/11649"}],"wp:attachment":[{"href":"https:\/\/futurefoodinstitute.org\/it\/wp-json\/wp\/v2\/media?parent=10475"}],"curies":[{"name":"wp","href":"https:\/\/api.w.org\/{rel}","templated":true}]}}